{"id":2012,"date":"2022-11-26T19:04:33","date_gmt":"2022-11-26T19:04:33","guid":{"rendered":"http:\/\/atelierlika.com\/?post_type=product&#038;p=2012"},"modified":"2025-11-12T11:55:12","modified_gmt":"2025-11-12T11:55:12","slug":"nervur-kahve-fincani-takimi","status":"publish","type":"product","link":"https:\/\/atelierlika.com\/en\/product\/nervur-kahve-fincani-takimi\/","title":{"rendered":"Nerv\u00fcr Kahve Fincan\u0131 Tak\u0131m\u0131"},"content":{"rendered":"","protected":false},"excerpt":{"rendered":"","protected":false},"featured_media":1948,"template":"","meta":{"_themeisle_gutenberg_block_has_review":false},"product_brand":[],"product_cat":[86],"product_tag":[134],"class_list":{"0":"post-2012","1":"product","2":"type-product","3":"status-publish","4":"has-post-thumbnail","6":"product_cat-kahve-fincani-takimlari","7":"product_tag-nervur","9":"first","10":"instock","11":"taxable","12":"shipping-taxable","13":"purchasable","14":"product-type-variable"},"_links":{"self":[{"href":"https:\/\/atelierlika.com\/en\/wp-json\/wp\/v2\/product\/2012","targetHints":{"allow":["GET"]}}],"collection":[{"href":"https:\/\/atelierlika.com\/en\/wp-json\/wp\/v2\/product"}],"about":[{"href":"https:\/\/atelierlika.com\/en\/wp-json\/wp\/v2\/types\/product"}],"wp:featuredmedia":[{"embeddable":true,"href":"https:\/\/atelierlika.com\/en\/wp-json\/wp\/v2\/media\/1948"}],"wp:attachment":[{"href":"https:\/\/atelierlika.com\/en\/wp-json\/wp\/v2\/media?parent=2012"}],"wp:term":[{"taxonomy":"product_brand","embeddable":true,"href":"https:\/\/atelierlika.com\/en\/wp-json\/wp\/v2\/product_brand?post=2012"},{"taxonomy":"product_cat","embeddable":true,"href":"https:\/\/atelierlika.com\/en\/wp-json\/wp\/v2\/product_cat?post=2012"},{"taxonomy":"product_tag","embeddable":true,"href":"https:\/\/atelierlika.com\/en\/wp-json\/wp\/v2\/product_tag?post=2012"}],"curies":[{"name":"wp","href":"https:\/\/api.w.org\/{rel}","templated":true}]}}