{"id":2010,"date":"2022-11-26T18:56:58","date_gmt":"2022-11-26T18:56:58","guid":{"rendered":"http:\/\/atelierlika.com\/?post_type=product&#038;p=2010"},"modified":"2025-01-07T13:57:47","modified_gmt":"2025-01-07T13:57:47","slug":"nervur-espresso-bardagi","status":"publish","type":"product","link":"https:\/\/atelierlika.com\/en\/product\/nervur-espresso-bardagi\/","title":{"rendered":"Nerv\u00fcr Espresso Barda\u011f\u0131"},"content":{"rendered":"","protected":false},"excerpt":{"rendered":"","protected":false},"featured_media":1961,"template":"","meta":{"_themeisle_gutenberg_block_has_review":false},"product_brand":[],"product_cat":[88],"product_tag":[134],"class_list":{"0":"post-2010","1":"product","2":"type-product","3":"status-publish","4":"has-post-thumbnail","6":"product_cat-espresso-bardaklari","7":"product_tag-nervur","9":"first","10":"instock","11":"taxable","12":"shipping-taxable","13":"purchasable","14":"product-type-variable"},"_links":{"self":[{"href":"https:\/\/atelierlika.com\/en\/wp-json\/wp\/v2\/product\/2010","targetHints":{"allow":["GET"]}}],"collection":[{"href":"https:\/\/atelierlika.com\/en\/wp-json\/wp\/v2\/product"}],"about":[{"href":"https:\/\/atelierlika.com\/en\/wp-json\/wp\/v2\/types\/product"}],"wp:featuredmedia":[{"embeddable":true,"href":"https:\/\/atelierlika.com\/en\/wp-json\/wp\/v2\/media\/1961"}],"wp:attachment":[{"href":"https:\/\/atelierlika.com\/en\/wp-json\/wp\/v2\/media?parent=2010"}],"wp:term":[{"taxonomy":"product_brand","embeddable":true,"href":"https:\/\/atelierlika.com\/en\/wp-json\/wp\/v2\/product_brand?post=2010"},{"taxonomy":"product_cat","embeddable":true,"href":"https:\/\/atelierlika.com\/en\/wp-json\/wp\/v2\/product_cat?post=2010"},{"taxonomy":"product_tag","embeddable":true,"href":"https:\/\/atelierlika.com\/en\/wp-json\/wp\/v2\/product_tag?post=2010"}],"curies":[{"name":"wp","href":"https:\/\/api.w.org\/{rel}","templated":true}]}}