{"id":1986,"date":"2022-11-26T16:30:10","date_gmt":"2022-11-26T16:30:10","guid":{"rendered":"http:\/\/atelierlika.com\/?post_type=product&#038;p=1986"},"modified":"2026-01-02T14:00:11","modified_gmt":"2026-01-02T14:00:11","slug":"hindiba-kahve-fincani-takimi-bej","status":"publish","type":"product","link":"https:\/\/atelierlika.com\/en\/product\/hindiba-kahve-fincani-takimi-bej\/","title":{"rendered":"Hindiba Kahve Fincan\u0131 Tak\u0131m\u0131 (Bej)"},"content":{"rendered":"","protected":false},"excerpt":{"rendered":"","protected":false},"featured_media":1967,"template":"","meta":{"_themeisle_gutenberg_block_has_review":false},"product_brand":[],"product_cat":[86],"product_tag":[114],"class_list":{"0":"post-1986","1":"product","2":"type-product","3":"status-publish","4":"has-post-thumbnail","6":"product_cat-kahve-fincani-takimlari","7":"product_tag-hindiba","9":"first","10":"instock","11":"taxable","12":"shipping-taxable","13":"purchasable","14":"product-type-simple"},"_links":{"self":[{"href":"https:\/\/atelierlika.com\/en\/wp-json\/wp\/v2\/product\/1986","targetHints":{"allow":["GET"]}}],"collection":[{"href":"https:\/\/atelierlika.com\/en\/wp-json\/wp\/v2\/product"}],"about":[{"href":"https:\/\/atelierlika.com\/en\/wp-json\/wp\/v2\/types\/product"}],"wp:featuredmedia":[{"embeddable":true,"href":"https:\/\/atelierlika.com\/en\/wp-json\/wp\/v2\/media\/1967"}],"wp:attachment":[{"href":"https:\/\/atelierlika.com\/en\/wp-json\/wp\/v2\/media?parent=1986"}],"wp:term":[{"taxonomy":"product_brand","embeddable":true,"href":"https:\/\/atelierlika.com\/en\/wp-json\/wp\/v2\/product_brand?post=1986"},{"taxonomy":"product_cat","embeddable":true,"href":"https:\/\/atelierlika.com\/en\/wp-json\/wp\/v2\/product_cat?post=1986"},{"taxonomy":"product_tag","embeddable":true,"href":"https:\/\/atelierlika.com\/en\/wp-json\/wp\/v2\/product_tag?post=1986"}],"curies":[{"name":"wp","href":"https:\/\/api.w.org\/{rel}","templated":true}]}}